{"id":89,"date":"2019-01-09T15:07:34","date_gmt":"2019-01-09T15:07:34","guid":{"rendered":"http:\/\/hno-tuttlingen.de\/?page_id=89"},"modified":"2019-01-09T15:07:34","modified_gmt":"2019-01-09T15:07:34","slug":"leistungsspektrum-in-der-praxis","status":"publish","type":"page","link":"http:\/\/hno-tuttlingen.de\/?page_id=89","title":{"rendered":"Leistungsspektrum in der Praxis"},"content":{"rendered":"\n<p>Das&nbsp;Leistungsspektrum in der Praxis (ambulant\/konservativ) umfasst:<\/p>\n\n\n\n<ul><li>Nasen- und&nbsp;Nasennebenh\u00f6hlenerkrankungen<\/li><li>Mund-, Rachen- und Kehlkopferkrankungen (Diagnostik bei Stimmst\u00f6rungen und Heiserkeit)<\/li><li>Erkrankungen des Ohres&nbsp;&nbsp;<\/li><li>Behandlung bei H\u00f6rsturz,&nbsp; Tinnitus und Schwindel<\/li><li>H\u00f6rmessungen bei S\u00e4uglingen (Screening), Kindern und Erwachsenen hinsichtlich H\u00f6rminderung\/ H\u00f6rsysteme<\/li><li>Krebsvorsorge im HNO-Bereich<\/li><li>Nachsorge nach Operationen<\/li><li>Untersuchungen bei Schnarchen<\/li><li>Gutachten<\/li><li>Kinder-HNO<\/li><li>Reisemedizinische Gesundheitsberatung<\/li><li>Impfungen auch Gelbfieber<\/li><\/ul>\n","protected":false},"excerpt":{"rendered":"<p>Das&nbsp;Leistungsspektrum in der Praxis (ambulant\/konservativ) umfasst: Nasen- und&nbsp;Nasennebenh\u00f6hlenerkrankungen Mund-, Rachen- und Kehlkopferkrankungen (Diagnostik bei Stimmst\u00f6rungen und Heiserkeit) Erkrankungen des Ohres&nbsp;&nbsp; Behandlung bei H\u00f6rsturz,&nbsp; Tinnitus und Schwindel H\u00f6rmessungen bei S\u00e4uglingen (Screening), Kindern und Erwachsenen hinsichtlich H\u00f6rminderung\/ H\u00f6rsysteme Krebsvorsorge im HNO-Bereich Nachsorge nach Operationen Untersuchungen bei Schnarchen Gutachten Kinder-HNO Reisemedizinische Gesundheitsberatung Impfungen auch Gelbfieber<\/p>\n","protected":false},"author":1,"featured_media":0,"parent":0,"menu_order":0,"comment_status":"closed","ping_status":"closed","template":"","meta":[],"_links":{"self":[{"href":"http:\/\/hno-tuttlingen.de\/index.php?rest_route=\/wp\/v2\/pages\/89"}],"collection":[{"href":"http:\/\/hno-tuttlingen.de\/index.php?rest_route=\/wp\/v2\/pages"}],"about":[{"href":"http:\/\/hno-tuttlingen.de\/index.php?rest_route=\/wp\/v2\/types\/page"}],"author":[{"embeddable":true,"href":"http:\/\/hno-tuttlingen.de\/index.php?rest_route=\/wp\/v2\/users\/1"}],"replies":[{"embeddable":true,"href":"http:\/\/hno-tuttlingen.de\/index.php?rest_route=%2Fwp%2Fv2%2Fcomments&post=89"}],"version-history":[{"count":1,"href":"http:\/\/hno-tuttlingen.de\/index.php?rest_route=\/wp\/v2\/pages\/89\/revisions"}],"predecessor-version":[{"id":90,"href":"http:\/\/hno-tuttlingen.de\/index.php?rest_route=\/wp\/v2\/pages\/89\/revisions\/90"}],"wp:attachment":[{"href":"http:\/\/hno-tuttlingen.de\/index.php?rest_route=%2Fwp%2Fv2%2Fmedia&parent=89"}],"curies":[{"name":"wp","href":"https:\/\/api.w.org\/{rel}","templated":true}]}}