{"id":42,"date":"2019-01-08T20:05:59","date_gmt":"2019-01-08T20:05:59","guid":{"rendered":"http:\/\/hno-tuttlingen.de\/?page_id=42"},"modified":"2019-01-08T20:05:59","modified_gmt":"2019-01-08T20:05:59","slug":"so-finden-sie-uns","status":"publish","type":"page","link":"http:\/\/hno-tuttlingen.de\/?page_id=42","title":{"rendered":"So finden Sie uns"},"content":{"rendered":"\n<p>HNO Praxis K\u00fcnze<br>Uhlandstr. 46<br>78532 Tuttlingen<\/p>\n\n\n\n<p style=\"text-align:left\">Auf Ihren Besuch freuen wir uns! <\/p>\n\n\n\n<p><\/p>\n\n\n\n<p><\/p>\n\n\n\n<p>Mit den \u00f6ffentlichen Verkehrsmitteln erreichen Sie uns am Besten so:<\/p>\n\n\n\n<p>Stadtbus Linie 8 Richtung Klinikum Haltestelle Zeppelinstr.<\/p>\n\n\n\n<p>Stadtbus Linie 1 Richtung Brunnental Haltestelle Neuhauser Str. \/ \u00c4rztehaus<\/p>\n\n\n\n<p>Parkpl\u00e4tze sind in der Stra\u00dfe vorhanden<\/p>\n","protected":false},"excerpt":{"rendered":"<p>HNO Praxis K\u00fcnzeUhlandstr. 4678532 Tuttlingen Auf Ihren Besuch freuen wir uns! Mit den \u00f6ffentlichen Verkehrsmitteln erreichen Sie uns am Besten so: Stadtbus Linie 8 Richtung Klinikum Haltestelle Zeppelinstr. Stadtbus Linie 1 Richtung Brunnental Haltestelle Neuhauser Str. \/ \u00c4rztehaus Parkpl\u00e4tze sind in der Stra\u00dfe vorhanden<\/p>\n","protected":false},"author":1,"featured_media":0,"parent":0,"menu_order":1,"comment_status":"closed","ping_status":"closed","template":"","meta":[],"_links":{"self":[{"href":"http:\/\/hno-tuttlingen.de\/index.php?rest_route=\/wp\/v2\/pages\/42"}],"collection":[{"href":"http:\/\/hno-tuttlingen.de\/index.php?rest_route=\/wp\/v2\/pages"}],"about":[{"href":"http:\/\/hno-tuttlingen.de\/index.php?rest_route=\/wp\/v2\/types\/page"}],"author":[{"embeddable":true,"href":"http:\/\/hno-tuttlingen.de\/index.php?rest_route=\/wp\/v2\/users\/1"}],"replies":[{"embeddable":true,"href":"http:\/\/hno-tuttlingen.de\/index.php?rest_route=%2Fwp%2Fv2%2Fcomments&post=42"}],"version-history":[{"count":1,"href":"http:\/\/hno-tuttlingen.de\/index.php?rest_route=\/wp\/v2\/pages\/42\/revisions"}],"predecessor-version":[{"id":43,"href":"http:\/\/hno-tuttlingen.de\/index.php?rest_route=\/wp\/v2\/pages\/42\/revisions\/43"}],"wp:attachment":[{"href":"http:\/\/hno-tuttlingen.de\/index.php?rest_route=%2Fwp%2Fv2%2Fmedia&parent=42"}],"curies":[{"name":"wp","href":"https:\/\/api.w.org\/{rel}","templated":true}]}}