{"id":35,"date":"2019-01-08T19:37:48","date_gmt":"2019-01-08T19:37:48","guid":{"rendered":"http:\/\/hno-tuttlingen.de\/?page_id=35"},"modified":"2019-01-08T19:37:48","modified_gmt":"2019-01-08T19:37:48","slug":"datenschutz","status":"publish","type":"page","link":"http:\/\/hno-tuttlingen.de\/?page_id=35","title":{"rendered":"Datenschutz"},"content":{"rendered":"\n<p>F\u00fcr die Verwendung Ihrer Daten sind die jeweils geltenden gesetzlichen Bestimmungen ma\u00dfgeblich. Bei der blo\u00dfen Nutzung der Website werden keinerlei personenbezogene Daten erhoben oder verarbeitet.\n<\/p>\n\n\n\n<p>Personenbezogene Daten sind alle Daten, mit denen Sie pers\u00f6nlich identifiziert werden k\u00f6nnen. Dies k\u00f6nnen personenbezogene Daten wie Name, E-Mail-Adresse,  sowie technische Daten wie z.\u00a0B. Informationen \u00fcber Cookies sein.<\/p>\n\n\n\n<p>Diese Website sammelt keinerlei personenbezogene Daten \u00fcber die Besucher dieser Website. Ferner werden keine Nutzungsprofile einzelner Besucher zu dieser Website erstellt.<\/p>\n\n\n\n<h3>Hinweis zur verantwortlichen Stelle<\/h3>\n\n\n\n<p>Die verantwortliche Stelle f\u00fcr die Datenverarbeitung auf dieser Website ist:<\/p>\n\n\n\n<p>HNO Praxis <br>Frau Susanne K\u00fcnze <br>Uhlandstr. 46<br>78532 Tuttlingen<br>Tel. 07461 72525<br>Fax. 07461 162479<\/p>\n\n\n\n<p> Website <br>http:\/\/hno-tuttlingen.de und http:\/\/HNO-praxis-Tuttlingen.de<\/p>\n\n\n\n<h2>Kontaktaufnahme per E-Mail, Telefon, Telefax<\/h2>\n\n\n\n<p>Wenn Sie uns per E-Mail, Telefon oder Telefax kontaktieren, wird Ihre Anfrage inklusive aller daraus hervorgehenden personenbezogenen Daten (Name, Anfrage) zum Zwecke der Bearbeitung Ihres Anliegens bei uns gespeichert und verarbeitet. Diese Daten geben wir nicht ohne Ihre Einwilligung weiter.<\/p>\n\n\n\n<p>Die Verarbeitung dieser Daten erfolgt auf Grundlage von Art. 6 Abs. 1 lit. b DSGVO, sofern Ihre Anfrage mit der Erf\u00fcllung eines Vertrags zusammenh\u00e4ngt oder zur Durchf\u00fchrung vorvertraglicher Ma\u00dfnahmen erforderlich ist. In allen \u00fcbrigen F\u00e4llen beruht die Verarbeitung auf Ihrer Einwilligung (Art. 6 Abs. 1 lit. a DSGVO) und \/ oder auf unseren berechtigten Interessen (Art. 6 Abs. 1 lit. f DSGVO), da wir ein berechtigtes Interesse an der effektiven Bearbeitung der an uns gerichteten Anfragen haben.<\/p>\n\n\n\n<p>Die von Ihnen an uns \u00fcbermittelten Daten bleiben bei uns, bis Sie uns zur L\u00f6schung auffordern oder der Zweck f\u00fcr die Datenspeicherung entf\u00e4llt (z. B. nach abgeschlossener Bearbeitung Ihrer Anfrage). Gesetzliche Bestimmungen \u2013 insbesondere gesetzliche Aufbewahrungsfristen \u2013 bleiben hiervon unber\u00fchrt.<\/p>\n\n\n\n<p>Aus ihrer E-Mail-Adresse kann eine anonymisierte Zeichenfolge erstellt (auch Hash genannt) und dem Gravatar-Dienst \u00fcbergeben werden, um zu pr\u00fcfen, ob dieser benutzt wird. Die Datenschutzerkl\u00e4rung des Gravatar-Dienstes finden Sie hier: https:\/\/automattic.com\/privacy\/. <\/p>\n\n\n\n<h3>Online Terminvereinbarung<\/h3>\n\n\n\n<p>Auf dieser Webseite wird f\u00fcr die Online Termin Vereinbarung auf eine externe Website verlinkt : N\u00e4here Informationen zum Umgang mit ihren Nutzerdaten finden Sie hier:  <br>https:\/\/www.docvisit.de\/profil\/hno-praxis\/week\/datenschutz <\/p>\n\n\n\n<h3>Cookies<\/h3>\n\n\n\n<p>Um die Nutzung bestimmter Funktionen zu erm\u00f6glichen, werden sogenannte Cookies verwendet.   Hierbei handelt es sich um kleine Textdateien, die auf Ihrem Endger\u00e4t abgelegt werden.  Anmelde-Cookies verfallen nach zwei Tagen und Cookies f\u00fcr die Anzeigeoptionen nach einem Jahr.  Mit der Abmeldung von der Website werden die Anmelde-Cookies gel\u00f6scht. Sie k\u00f6nnen Ihren Browser so einstellen, dass Sie \u00fcber das Setzen von Cookies informiert werden und einzeln \u00fcber deren Annahme entscheiden oder die Annahme generell ausschlie\u00dfen.   Bei der Nichtannahme von Cookies kann die Funktionalit\u00e4t der Webseite eingeschr\u00e4nkt sein. <\/p>\n\n\n\n<h3>Auswertung der Daten dieser Website<\/h3>\n\n\n\n<p>Mit dem Zugriff auf diese Website werden durch den Service-Provider f\u00fcr statistische Zwecke von jedem Besuch m\u00f6gliche Identifizierungsdaten (IP-Adresse) und weitere Angaben (Datum, Uhrzeit, aufgerufene Seite) gespeichert. Der Service-Provider \u00fcbergibt lediglich aggregierte Informationen \u00fcber die Anzahl der Besucher bezogen auf den Dom\u00e4nen-Namen. Eine andere Auswertung der Daten, mit Ausnahme f\u00fcr statistische Zwecke und dann in anonymisierter Form, erfolgt nicht. Die L\u00f6schung der vorgenannten Daten durch den Service-Provider erfolgt nach sechs Monaten. <\/p>\n\n\n\n<h3>Mit wem wir Daten teilen<\/h3>\n\n\n\n<p>Wir \u00fcbermitteln Ihre personenbezogenen Daten nur dann an Dritte, wenn dies gesetzlich erlaubt ist oder Sie eingewilligt haben. Empf\u00e4nger Ihrer personenbezogenen Daten k\u00f6nnen die Kassen\u00e4rztliche Vereinigung Baden-W\u00fcrttemberg, Ihre Krankenkasse, andere \u00c4rzte oder Krankenh\u00e4user sein.           <br>Die \u00dcbermittlung erfolgt zum Zweck der \u00e4rztlichen Leistungserbringung und Leistungsabrechnung gem\u00e4\u00df den gesetzlichen Vorschriften.<\/p>\n\n\n\n<h3>Ihre Rechte<\/h3>\n\n\n\n<p>Sie haben das Recht, \u00fcber die Sie betreffenden personenbezogenen Daten Auskunft zu erhalten. Auch k\u00f6nnen Sie die Berichtigung unrichtiger Daten verlangen.\n          Dar\u00fcber hinaus steht Ihnen das Recht auf Daten\u00fcbertragbarkeit, das Recht auf Einschr\u00e4nkung der Datenverarbeitung sowie das Recht auf L\u00f6schung von Daten zu,\n          sofern nicht andere gesetzliche Vorschriften gelten (z.B. Aufbewahrungspflicht von Daten). Die Verarbeitung Ihrer Daten erfolgt auf der Basis gesetzlicher Regelungen.\n          Nur  in Ausnahmef\u00e4llen ben\u00f6tigen wir Ihr Einverst\u00e4ndnis. In diesen F\u00e4llen haben Sie das  Recht, die Einwilligung f\u00fcr die zuk\u00fcnftige Verarbeitung zu widerrufen.<\/p>\n\n\n\n<h3>Die Anschrift der  zust\u00e4ndigen Aufsichtsbeh\u00f6rde lautet:<\/h3>\n\n\n\n<p>Landesbeauftragter f\u00fcr Datenschutz Baden-W\u00fcrttemberg<\/p>\n\n\n\n<p>K\u00f6nigstra\u00dfe 10a,<br>70173 Stuttgart<br>Telefon: 0711 \u2013 615 541-0<br>Telefax: 0711 \u2013 615 541-15<br>E-Mail: poststelle@lfd.bwl.de<\/p>\n\n\n\n<p>Internet: www.baden-w\u00fcrttemberg.datenschutz.de<\/p>\n\n\n\n<p><\/p>\n","protected":false},"excerpt":{"rendered":"<p>F\u00fcr die Verwendung Ihrer Daten sind die jeweils geltenden gesetzlichen Bestimmungen ma\u00dfgeblich. Bei der blo\u00dfen Nutzung der Website werden keinerlei personenbezogene Daten erhoben oder verarbeitet. Personenbezogene Daten sind alle Daten, mit denen Sie pers\u00f6nlich identifiziert werden k\u00f6nnen. Dies k\u00f6nnen personenbezogene Daten wie Name, E-Mail-Adresse, sowie technische Daten wie z.\u00a0B. Informationen \u00fcber Cookies sein. Diese Website &hellip; <\/p>\n<p class=\"link-more\"><a href=\"http:\/\/hno-tuttlingen.de\/?page_id=35\" class=\"more-link\"><span class=\"screen-reader-text\">\u201eDatenschutz\u201c<\/span> weiterlesen<\/a><\/p>\n","protected":false},"author":1,"featured_media":0,"parent":0,"menu_order":0,"comment_status":"closed","ping_status":"closed","template":"","meta":[],"_links":{"self":[{"href":"http:\/\/hno-tuttlingen.de\/index.php?rest_route=\/wp\/v2\/pages\/35"}],"collection":[{"href":"http:\/\/hno-tuttlingen.de\/index.php?rest_route=\/wp\/v2\/pages"}],"about":[{"href":"http:\/\/hno-tuttlingen.de\/index.php?rest_route=\/wp\/v2\/types\/page"}],"author":[{"embeddable":true,"href":"http:\/\/hno-tuttlingen.de\/index.php?rest_route=\/wp\/v2\/users\/1"}],"replies":[{"embeddable":true,"href":"http:\/\/hno-tuttlingen.de\/index.php?rest_route=%2Fwp%2Fv2%2Fcomments&post=35"}],"version-history":[{"count":3,"href":"http:\/\/hno-tuttlingen.de\/index.php?rest_route=\/wp\/v2\/pages\/35\/revisions"}],"predecessor-version":[{"id":47,"href":"http:\/\/hno-tuttlingen.de\/index.php?rest_route=\/wp\/v2\/pages\/35\/revisions\/47"}],"wp:attachment":[{"href":"http:\/\/hno-tuttlingen.de\/index.php?rest_route=%2Fwp%2Fv2%2Fmedia&parent=35"}],"curies":[{"name":"wp","href":"https:\/\/api.w.org\/{rel}","templated":true}]}}