{"id":34,"date":"2019-01-08T19:37:48","date_gmt":"2019-01-08T19:37:48","guid":{"rendered":"http:\/\/hno-tuttlingen.de\/?page_id=34"},"modified":"2019-01-08T19:37:48","modified_gmt":"2019-01-08T19:37:48","slug":"impressum","status":"publish","type":"page","link":"http:\/\/hno-tuttlingen.de\/?page_id=34","title":{"rendered":"Impressum"},"content":{"rendered":"\n<table class=\"wp-block-table\"><tbody><tr><td>gem. Teledienstegesetz (Par.6) bei gewerblichen Homepages mit folgende Angaben :<br>Name und Anschrift: <br>HNO Praxis\u00a0Susanne K\u00fcnze\u00a0\u00a0\u00a0<br>Uhlandstr. 46 <br>78532 Tuttlingen<br><br>Telefon: 07461-72525<br>Fax: 07461-162479<br>E-Mail: <a href=\"mailto:info@hno-tuttlingen.de\">info@hno-tuttlingen.de<\/a><br><br>Firmensitz\/ Registergericht: Tuttlingen<br>Inhaltlich verantwortlich: K\u00fcnze<br><br>Gesetzliche Berufsbezeichnung:<br>Susanne K\u00fcnze, Arzt, Facharzt f\u00fcr Hals-Nasen-Ohrenheilkunde, <br>verliehen in der BR Deutschland<br><br>Zust\u00e4ndige \u00c4rztekammer als Aufsichtsbeh\u00f6rde:<br>Landes\u00e4rztekammer Baden-W\u00fcrttemberg<br>Jahnstrasse 40<br>70597 Stuttgart<br>Tel 0711-769890<br>Fax 0711-7698950<br><a href=\"http:\/\/www.aerztekammer-bw.de\/\">www.aerztekammer-bw.de <\/a><br><br>Zust\u00e4ndige Kassen\u00e4rztliche Vereinigung:<br>KV Baden-W\u00fcrttemberg<br>Albstadtweg 11<br>70567 Stuttgart<br>Tel 0711-78750<br>Fax 0711-7875-3274<br><a href=\"http:\/\/www.kvbawue.de\/\">www.kvbawue.de <\/a><br><br>Berufsordnung:<br>Die berufsrechtlichen Regelungen sind \u00fcber die Internetseiten der Landes\u00e4rztekammer Baden-W\u00fcrttemberg erh\u00e4ltlich.<br><br><a href=\"http:\/\/www.aerztekammer-bw.de\/\">www.aerztekammer-bw.de <\/a><br><br>Urheberrechtsschutz<br>Die Bilder, die auf dieser Website enthalten sind, stammen von visualartwork &#8211; Atelier Lutz Hugel VS oder der Praxis selbst und sind urheberrechtlich gesch\u00fctzt. <br>Die Vervielf\u00e4ltigung von Informationen oder Daten, insbesondere die Verwendung von Texten, Textteilen oder Bildmaterial, bedarf der vorherigen Zustimmung der Praxis K\u00fcnze. <\/td><\/tr><tr><td>HNO Praxis Tuttlingen<br>info@hno-tuttlingen.de Tel. 07461\/72525<\/td><\/tr><\/tbody><\/table>\n","protected":false},"excerpt":{"rendered":"<p>gem. Teledienstegesetz (Par.6) bei gewerblichen Homepages mit folgende Angaben :Name und Anschrift: HNO Praxis\u00a0Susanne K\u00fcnze\u00a0\u00a0\u00a0Uhlandstr. 46 78532 Tuttlingen Telefon: 07461-72525Fax: 07461-162479E-Mail: info@hno-tuttlingen.de Firmensitz\/ Registergericht: TuttlingenInhaltlich verantwortlich: K\u00fcnze Gesetzliche Berufsbezeichnung:Susanne K\u00fcnze, Arzt, Facharzt f\u00fcr Hals-Nasen-Ohrenheilkunde, verliehen in der BR Deutschland Zust\u00e4ndige \u00c4rztekammer als Aufsichtsbeh\u00f6rde:Landes\u00e4rztekammer Baden-W\u00fcrttembergJahnstrasse 4070597 StuttgartTel 0711-769890Fax 0711-7698950www.aerztekammer-bw.de Zust\u00e4ndige Kassen\u00e4rztliche Vereinigung:KV Baden-W\u00fcrttembergAlbstadtweg 1170567 StuttgartTel 0711-78750Fax &hellip; <\/p>\n<p class=\"link-more\"><a href=\"http:\/\/hno-tuttlingen.de\/?page_id=34\" class=\"more-link\"><span class=\"screen-reader-text\">\u201eImpressum\u201c<\/span> weiterlesen<\/a><\/p>\n","protected":false},"author":1,"featured_media":0,"parent":0,"menu_order":0,"comment_status":"closed","ping_status":"closed","template":"","meta":[],"_links":{"self":[{"href":"http:\/\/hno-tuttlingen.de\/index.php?rest_route=\/wp\/v2\/pages\/34"}],"collection":[{"href":"http:\/\/hno-tuttlingen.de\/index.php?rest_route=\/wp\/v2\/pages"}],"about":[{"href":"http:\/\/hno-tuttlingen.de\/index.php?rest_route=\/wp\/v2\/types\/page"}],"author":[{"embeddable":true,"href":"http:\/\/hno-tuttlingen.de\/index.php?rest_route=\/wp\/v2\/users\/1"}],"replies":[{"embeddable":true,"href":"http:\/\/hno-tuttlingen.de\/index.php?rest_route=%2Fwp%2Fv2%2Fcomments&post=34"}],"version-history":[{"count":2,"href":"http:\/\/hno-tuttlingen.de\/index.php?rest_route=\/wp\/v2\/pages\/34\/revisions"}],"predecessor-version":[{"id":40,"href":"http:\/\/hno-tuttlingen.de\/index.php?rest_route=\/wp\/v2\/pages\/34\/revisions\/40"}],"wp:attachment":[{"href":"http:\/\/hno-tuttlingen.de\/index.php?rest_route=%2Fwp%2Fv2%2Fmedia&parent=34"}],"curies":[{"name":"wp","href":"https:\/\/api.w.org\/{rel}","templated":true}]}}